{"id":77,"date":"2019-11-13T15:53:35","date_gmt":"2019-11-13T15:53:35","guid":{"rendered":"http:\/\/wp.tlportfolio.com\/?page_id=77"},"modified":"2020-07-24T01:53:03","modified_gmt":"2020-07-24T01:53:03","slug":"home","status":"publish","type":"page","link":"https:\/\/wp.tlportfolio.com\/pb\/","title":{"rendered":"Home"},"content":{"rendered":"<p><a class=\"link-cat\" href=\"#\" data-pagination=\"ajax\" data-type=\"portfolio\" data-category=\"sales-marketing\" data-market=\"brazil-market\"> Vendas &amp; Marketing <\/a> |<br \/>\n                  <a class=\"link-cat\" href=\"#\" data-pagination=\"ajax\" data-type=\"portfolio\" data-category=\"public-relations\" data-market=\"brazil-market\"> RELA\u00c7\u00d5ES P\u00daBLICAS <\/a><\/p>","protected":false},"excerpt":{"rendered":"<p>Vendas &amp; Marketing | RELA\u00c7\u00d5ES P\u00daBLICAS<\/p>\n","protected":false},"author":1,"featured_media":0,"parent":0,"menu_order":0,"comment_status":"closed","ping_status":"closed","template":"","meta":{"_acf_changed":false,"footnotes":""},"class_list":["post-77","page","type-page","status-publish","hentry"],"acf":[],"_links":{"self":[{"href":"https:\/\/wp.tlportfolio.com\/pb\/wp-json\/wp\/v2\/pages\/77","targetHints":{"allow":["GET"]}}],"collection":[{"href":"https:\/\/wp.tlportfolio.com\/pb\/wp-json\/wp\/v2\/pages"}],"about":[{"href":"https:\/\/wp.tlportfolio.com\/pb\/wp-json\/wp\/v2\/types\/page"}],"author":[{"embeddable":true,"href":"https:\/\/wp.tlportfolio.com\/pb\/wp-json\/wp\/v2\/users\/1"}],"replies":[{"embeddable":true,"href":"https:\/\/wp.tlportfolio.com\/pb\/wp-json\/wp\/v2\/comments?post=77"}],"version-history":[{"count":9,"href":"https:\/\/wp.tlportfolio.com\/pb\/wp-json\/wp\/v2\/pages\/77\/revisions"}],"predecessor-version":[{"id":2491,"href":"https:\/\/wp.tlportfolio.com\/pb\/wp-json\/wp\/v2\/pages\/77\/revisions\/2491"}],"wp:attachment":[{"href":"https:\/\/wp.tlportfolio.com\/pb\/wp-json\/wp\/v2\/media?parent=77"}],"curies":[{"name":"wp","href":"https:\/\/api.w.org\/{rel}","templated":true}]}}