{"id":8,"date":"2019-11-12T11:41:00","date_gmt":"2019-11-12T14:41:00","guid":{"rendered":"http:\/\/wp.tlportfolio.com\/?page_id=8"},"modified":"2024-09-24T19:56:31","modified_gmt":"2024-09-24T19:56:31","slug":"about","status":"publish","type":"page","link":"https:\/\/wp.tlportfolio.com\/es\/about\/","title":{"rendered":"Sobre"},"content":{"rendered":"<p><\/p>\n<h1>TL PORTFOLIO<\/h1>\n<p> Lanzada en 2012 por Tina Lyra, TL Portfolio es una empresa de representaci\u00f3n que se dedica a ventas, marketing, relaciones p\u00fablicas y branding para las experiencias y destinos de viaje m\u00e1s exclusivas del mundo al mercado de las Am\u00e9ricas.<\/p>\n<blockquote class=\"with_quote_icon\">\n<h3 class=\"blockquote_text\"><i class=\"icon_quotations\"><\/i> &#8230;representando las necesidades de las experiencias de viaje y destinos m\u00e1s exclusivos del mundo para el mercado de las Am\u00e9ricas.<\/h3>\n<\/blockquote>\n<div id=\"tmls1747\" class=\"tmls tmls_notready  style2 large_image \" ><div class=\"tmls_next_prev tmls_visible \">\n\t\t\t\t\t\t\t<a href=\"#\" style=\"background-color:#F5F5F5;\" class=\"tmls_prev large_radius tmls_lightgrayarrows\"><\/a>\n\t\t\t\t\t\t\t<a href=\"#\" style=\"background-color:#F5F5F5;\" class=\"tmls_next large_radius tmls_lightgrayarrows\"><\/a>\n\t\t\t\t\t\t<\/div>\n\t\t\t\t\t\t\n\t\t\t\t\t\t<div class=\"tmls_container tmls_slider\" data-autoplay=\"true\" data-pauseonhover=\"false\" data-scrollduration=\"500\" data-pauseduration=\"9000\" data-transitioneffect=\"crossfade\"><div class=\"tmls_item\" style=\"border-color:#DDDDDD;\"><div class=\"tmls_image large_radius\" style=\"background-image:url(https:\/\/wp.tlportfolio.com\/wp-content\/uploads\/2019\/11\/TL-Portfolio-Danielle-Coltro.jpg);\"><\/div>\t<div class=\"tmls_text\" style=\" color:#88addc; font-size:18px;\"><p>(English) \u00abOne of the reasons that tourism is more joyful nowadays is the arrival of TL Portfolio to the market \u2013 you are all incredible!\u00bb<\/p>\n<\/div>\n\t\t\t\t<div class=\"tmls_name\" style=\" color:#777777; font-size:15px; font-weight:bold;\">Danielle Coltro<\/div>\n\t\t\t\t<div class=\"tmls_position\" style=\" color:#777777; font-size:12px;\">(English) Owner \/ Coltro Viagens<\/div><\/div><div class=\"tmls_item\" style=\"border-color:#DDDDDD;\"><div class=\"tmls_image large_radius\" style=\"background-image:url(https:\/\/wp.tlportfolio.com\/wp-content\/uploads\/2019\/11\/TL-Portfolio-Claudia-Paravicini.jpg);\"><\/div>\t<div class=\"tmls_text\" style=\" color:#88addc; font-size:18px;\"><p>(English) \u00abTina is a very enthusiastic person that cares about content and the essence of the hotels she represents. I was really impressed at how the team work together. Every one of the \u00abchicks\u00bb is a true character, independent, creative and inspired.\u00bb<\/p>\n<\/div>\n\t\t\t\t<div class=\"tmls_name\" style=\" color:#777777; font-size:15px; font-weight:bold;\">Claudia Paravicini<\/div>\n\t\t\t\t<div class=\"tmls_position\" style=\" color:#777777; font-size:12px;\">(English) Owner \/ Hacienda Hotel Vira Vira<\/div><\/div><\/div><\/div><br \/>\n            <\/p>\n<hr \/>\n<h2 class=\"mt-4\">OFICINA<\/h2>\n<\/p><\/div>\n<div class=\"col-md-6\">\n<p>TL Portfolio cuenta con 4 oficinas en Sudam\u00e9rica:<\/p>\n<h3 class=\"highlight\" style=\"color: #88ADDC; background-color:#fff;\">Oficinas \u2013 Ventas y Marketing<\/h3>\n<ul class=\"2-col\">\n<li><strong>San Pablo, Brasil:<\/strong>  Sede central para el mercado Brasile\u00f1o<\/li>\n<li><strong>Buenos Aires, Argentina:<\/strong>  Oficina para el mercado Argentino, Uruguayo, Peruano, Chileno, Colombiano y Venezolano<\/li>\n<li><strong>Ciudad de M\u00e9xico, M\u00e9xico:<\/strong>  Oficina para el mercado Mexicano y Centroamericano<\/li>\n<li><strong>Nueva York, Estados Unidos:<\/strong> Oficina para el mercado de Estados Unidos y Canad\u00e1<\/li>\n<\/ul><\/div>\n<div class=\"col-md-6\">\n<h3 class=\"highlight\" style=\"color: #88ADDC; background-color:#fff;\"> Oficinas \u2013 Relaciones P\u00fablicas <\/h3>\n<ul>\n<li><strong>San Pablo, Brasil<\/strong><\/li>\n<li><strong>Santiago, Chile<\/strong><\/li>\n<\/ul><\/div>\n<div class=\"clear\"><\/div>\n<p><\/p>\n<hr \/>\n<div class=\"col-12 mt-0\">\n<h2>SERVICIOS<\/h2>\n<\/p><\/div>\n<div class=\"col-md-6 mb-3\">\n<h3 class=\"highlight\" style=\"color: #88ADDC; background-color:#fff;\">Representaci\u00f3n de Ventas<\/h3>\n<p><strong>Para incrementar ventas v\u00eda agentes de viaje, tour operadores y call centers:<\/strong><\/p>\n<ul>\n<li>Continua presencia en el mercado brasile\u00f1o<\/li>\n<li>Dedicadas visitas a agencias<\/li>\n<li>Organizaci\u00f3n de site inspections y acompa\u00f1amiento en tours de familiarizaci\u00f3n<\/li>\n<li>Participaci\u00f3n en road shows significativos<\/li>\n<\/ul><\/div>\n<div class=\"col-md-6 mb-3\">\n<h3 class=\"highlight\" style=\"color: #88ADDC; background-color:#fff;\">Marketing<\/h3>\n<p><strong>Para comunicar de forma efectiva con el p\u00fablico deseado via:<\/strong><\/p>\n<ul>\n<li>Marketing por email<\/li>\n<li>Directorio impreso<\/li>\n<li>Listado individual en web: tlportfofio.com<\/li>\n<li>Participaci\u00f3n en eventos exclusivos<\/li>\n<li>Distribuci\u00f3n de brochures<\/li>\n<\/ul><\/div>\n<div class=\"col-md-6 mb-3\">\n<h3 class=\"highlight\" style=\"color: #88ADDC; background-color:#fff;\"> Relaciones P\u00fablicas <\/h3>\n<p><strong>Para estar presentes en los medios con m\u00e1s influencia de Brasil v\u00eda:<\/strong><\/p>\n<ul>\n<li>Relaciones con medios espec\u00edficos<\/li>\n<li>Dedicadas citas con prensa<\/li>\n<li>Posicionamiento en publicaciones tanto impresas como online<\/li>\n<li>Organizaci\u00f3n de viajes de prensa y sesiones de fotos<\/li>\n<\/ul><\/div>\n<div class=\"col-md-6 mb-3\">\n<h3 class=\"highlight\" style=\"color: #88ADDC; background-color:#fff;\">Branding<\/h3>\n<p> <strong>Identificaci\u00f3n y desarrollo de partners estrat\u00e9gicos para penetrar nuevos mercados y agregar valor v\u00eda:<\/strong><\/p>\n<ul>\n<li>Presencia continua en el mercado local<\/li>\n<li>Eventos promocionales<\/li>\n<li>Campa\u00f1as de marketing<\/li>\n<li>Marketing por boca a boca<\/li>\n<\/ul><\/div>\n<div class=\"col-12 box-gray mt-4\">\n<h2 class=\"font-thin\" style=\"text-align: center;\">TL PORTFOLIO EN LOS MEDIOS<\/h2>\n<p>               <\/p>","protected":false},"excerpt":{"rendered":"<p>TL PORTFOLIO Lanzada en 2012 por Tina Lyra, TL Portfolio es una empresa de representaci\u00f3n que se dedica a ventas, &#8230;<\/p>\n","protected":false},"author":1,"featured_media":0,"parent":0,"menu_order":0,"comment_status":"closed","ping_status":"closed","template":"","meta":{"_acf_changed":false,"footnotes":""},"class_list":["post-8","page","type-page","status-publish","hentry"],"acf":[],"_links":{"self":[{"href":"https:\/\/wp.tlportfolio.com\/es\/wp-json\/wp\/v2\/pages\/8","targetHints":{"allow":["GET"]}}],"collection":[{"href":"https:\/\/wp.tlportfolio.com\/es\/wp-json\/wp\/v2\/pages"}],"about":[{"href":"https:\/\/wp.tlportfolio.com\/es\/wp-json\/wp\/v2\/types\/page"}],"author":[{"embeddable":true,"href":"https:\/\/wp.tlportfolio.com\/es\/wp-json\/wp\/v2\/users\/1"}],"replies":[{"embeddable":true,"href":"https:\/\/wp.tlportfolio.com\/es\/wp-json\/wp\/v2\/comments?post=8"}],"version-history":[{"count":11,"href":"https:\/\/wp.tlportfolio.com\/es\/wp-json\/wp\/v2\/pages\/8\/revisions"}],"predecessor-version":[{"id":3201,"href":"https:\/\/wp.tlportfolio.com\/es\/wp-json\/wp\/v2\/pages\/8\/revisions\/3201"}],"wp:attachment":[{"href":"https:\/\/wp.tlportfolio.com\/es\/wp-json\/wp\/v2\/media?parent=8"}],"curies":[{"name":"wp","href":"https:\/\/api.w.org\/{rel}","templated":true}]}}