{"id":31,"date":"2019-11-12T11:44:43","date_gmt":"2019-11-12T14:44:43","guid":{"rendered":"http:\/\/wp.tlportfolio.com\/?page_id=31"},"modified":"2025-03-24T16:42:22","modified_gmt":"2025-03-24T16:42:22","slug":"meet-the-team","status":"publish","type":"page","link":"https:\/\/wp.tlportfolio.com\/es\/meet-the-team\/","title":{"rendered":"Meet The Team"},"content":{"rendered":"<p><\/p>\n<div class=\"col-12\">\n<h1 class=\"text-center mb-5\">A EQUIPE<\/h1>\n<\/p><\/div>\n<div class=\"col-md-7\">\n<h2>TINA LYRA<\/h2>\n<p><small>FUNDADORA<\/small><\/p>\n<div class=\"text-image\">\n<p>Una din\u00e1mica emprendedora con m\u00e1s de 15 a\u00f1os de experiencia en el turismo de lujo y bienes ra\u00edces en Norte Am\u00e9rica, Sudam\u00e9rica, Asia, Europa y el Caribe, Tina es respetada en la industria como una experta indiscutida. Antes de lanzar TL Portfolio, Tina ocup\u00f3 importantes cargos en firmas como Four Seasons Hotels &#038; Resorts, Ritz-Carlton Hotel Company, Mandarin Oriental Hotel Group y Sotheby\u2019s International Realty, entre otros.<\/p>\n<\/p><\/div><\/div>\n<div class=\"col-md-4\">\n<div class=\"img-team w-100\" style=\"background: #fff url(\/wp-content\/uploads\/\/2020\/01\/team-tina-lyra.jpg) top center \/ cover no-repeat\"><\/div><\/div>\n<hr>\n<div class=\"col-md-4\">\n<div class=\"img-team w-100\" style=\"background: #fff url(\/wp-content\/uploads\/\/2020\/01\/Cynthia-Macedo.jpg) top center \/ cover no-repeat\"><\/div><\/div>\n<div class=\"col-md-7\">\n<h2>CYNTHIA MACEDO<\/h2>\n<p><small>GERENTE ADMINISTRATIVA<\/small><\/p>\n<div class=\"text-image\">\n<p>Con una formaci\u00f3n en asesoramiento y coaching en los Estados Unidos y en terapia corporal en Brasil, Cynthia posee una amplia experiencia en \u00e1reas administrativas, de producci\u00f3n y coordinaci\u00f3n cultural as\u00ed como en recursos humanos. Habiendo actuado como asistente de direcci\u00f3n para Coca Cola, Euroconsult en Brasil y directora de asesoramiento en OW4Y Consulting, Cynthia ha entrenado y orientado a diversos ejecutivos, gerentes y funcionarios en el desarrollo de competencia en el trabajo.<\/p>\n<\/p><\/div><\/div>\n<hr>\n<div class=\"col-md-7\">\n<h2>PATRICIA LENZ<\/h2>\n<p><small>DIRECTORA DE EVENTOS<\/small><\/p>\n<div class=\"text-image\">\n<p>Patricia empez\u00f3 su carrera en el segmento de lujo para el grupo O Leopolldo, mientras estudiaba Administraci\u00f3n de Empresas en FAAP. Ella luego trabaj\u00f3 como agente de viaje para Teresa Perez Tours (miembro Virtuoso). Desde 2009, Patricia ha sido una figura clave en la creaci\u00f3n de Travelweek San Pablo, uno de los eventos de viaje de lujo m\u00e1s importantes.<\/p>\n<\/p><\/div><\/div>\n<div class=\"col-md-4\">\n<div class=\"img-team w-100\" style=\"background: #fff url(\/wp-content\/uploads\/\/2020\/01\/Patricia-Lenz.jpg) top center \/ cover no-repeat\"><\/div><\/div>\n<hr>\n<div class=\"col-md-4\">\n<div class=\"img-team w-100\" style=\"background: #fff url(\/wp-content\/uploads\/\/2020\/01\/Ana-Mazzucchelli.jpg) center 30%  \/ cover no-repeat\"><\/div><\/div>\n<div class=\"col-md-7\">\n<h2>ANA MAZZUCCHELLI<\/h2>\n<p><small>DIRECTORA GLOBAL DE VENTAS<\/small><\/p>\n<div class=\"text-image\">\n<p>Con una licenciatura en Hospitalidad del Centro Universitario SENAC, Ana tiene ocho a\u00f1os de experiencia en ventas de viaje y servicio al cliente. Trabaj\u00f3 en algunas de las agencias de viaje m\u00e1s top de Brasil como B360 y Moinhotur. Ana tambi\u00e9n ha sido Guest Relations en Walt Disney World en Orlando donde se especializ\u00f3 en superar las expectativas de los clientes y cumplir con pedidos especiales.<\/p>\n<\/p><\/div><\/div>\n<hr>\n<div class=\"col-md-7\">\n<h2>PAULA MARQUES<\/h2>\n<p><small>VENTAS \u2013 BRASIL<\/small><\/p>\n<div class=\"text-image\">\n<p>Graduada en Turismo de PUC \u2013 SP, con un Master en Marketing de la Universidad de South Wales en Australia, Paula ha sido siempre una apasionada por el viaje. Habiendo vivido en USA, Canad\u00e1 y Australia, ella siempre trabaj\u00f3 en la industria del turismo. Su carrera la llev\u00f3 al Grand Hyatt San Pablo, Japan Airlines, Sheraton Sydney y finalmente a Teresa Perez Tours, donde fue responsable de gerencia y gesti\u00f3n durante siete a\u00f1os.<\/p>\n<\/p><\/div><\/div>\n<div class=\"col-md-4\">\n<div class=\"img-team w-100\" style=\"background: #fff url(\/wp-content\/uploads\/\/2020\/01\/Paula-Marques.jpg) center 20% \/ cover no-repeat\"><\/div><\/div>\n<hr>\n<div class=\"col-md-4\">\n<div class=\"img-team w-100\" style=\"background: #fff url(\/wp-content\/uploads\/\/2020\/01\/Vivian-Laniado.jpg) center 20% \/ cover no-repeat\"><\/div><\/div>\n<div class=\"col-md-7\">\n<h2>VIVIAN LANIADO<\/h2>\n<p><small>VENTAS \u2013 BRASIL<\/small><\/p>\n<div class=\"text-image\">\n<p>Criada en San Pablo con influencia Europea, Vivian se gradu\u00f3 de la FAAP con un t\u00edtulo en Relaciones P\u00fablicas y un gran deseo de explorar el mundo. Inici\u00f3 su carrera en turismo trabajando como agente de viaje para Matuet\u00e9 en San Pablo (miembro Virtuoso). Despu\u00e9s de 3 a\u00f1os lidiando con algunos de los clientes m\u00e1s desafiantes, ella se tom\u00f3 un a\u00f1o sab\u00e1tico viajando por el Sudeste Asi\u00e1tico, conocer 13 pa\u00edses en 12 meses.<\/p>\n<\/p><\/div><\/div>\n<hr>\n<div class=\"col-md-7\">\n<h2>ANDREA CID<\/h2>\n<p><small>VENTAS \u2013 M\u00c9XICO<\/small><\/p>\n<div class=\"text-image\">\n<p>Originaria de la Ciudad de M\u00e9xico, Andrea tiene m\u00e1s de 11 a\u00f1os de experiencia trabajando en la industria tur\u00edstica y hospitalaria de alta gama. Comenz\u00f3 su carrera trabajando para Hoteles Quinta Real, un grupo hotelero de lujo en M\u00e9xico. All\u00ed, pas\u00f3 numerosos a\u00f1os en diferentes puestos que van desde ventas hasta planificaci\u00f3n de eventos, trabajando directamente con celebridades internacionales y con grupos empresariales multinacionales. Su pasi\u00f3n por ofrecer el mejor servicio llev\u00f3 a Andrea a su \u00faltimo cargo como Gerente de Ventas Internacionales para la divisi\u00f3n de turismo de Jose Cuervo, donde particip\u00f3 en el crecimiento y la expansi\u00f3n de la ciudad de Tequila como un destino de lujo y cultural.<\/p>\n<\/p><\/div><\/div>\n<div class=\"col-md-4\">\n<div class=\"img-team w-100\" style=\"background: #fff url(\/wp-content\/uploads\/\/2020\/01\/Andrea-Cid.jpg) center 20% \/ cover no-repeat\"><\/div><\/div>\n<hr>\n<div class=\"col-md-4\">\n<div class=\"img-team w-100\" style=\"background: #fff url(\/wp-content\/uploads\/\/2020\/01\/Domenica-Guaglione.jpg) center 20% \/ cover no-repeat\"><\/div><\/div>\n<div class=\"col-md-7\">\n<h2>DOMENICA GUAGLIONE<\/h2>\n<p><small>VENTAS \u2013 M\u00c9XICO<\/small><\/p>\n<div class=\"text-image\">\n<p>Mexicana, de la Ciudad de M\u00e9xico, Dom\u00e9nica comenz\u00f3 su carrera trabajando para los hoteles Camino Real, cadena hotelera l\u00edder en M\u00e9xico, que opera 18 hoteles en M\u00e9xico y uno en USA y la cual pertenece ahora a Grupo Real Turismo. Sus diferentes posiciones siempre se enfocaron en el \u00e1rea de ventas. Despu\u00e9s de un tiempo, se le present\u00f3 la oportunidad de viajar al extranjero y trabajar en el hotel Four Seasons de Washington DC en el \u00e1rea de Food &#038; Beverage. A su regreso se uni\u00f3 al Corporativo de la cadena hotelera NH Hotel Group, desempe\u00f1ando puestos siempre de Ventas tanto en Business Travel, MICE, Tour Operaci\u00f3n y Aerol\u00edneas.<\/p>\n<\/p><\/div><\/div>\n<hr>\n<div class=\"col-md-7\">\n<h2>ELISA ALONSO<\/h2>\n<p><small>VENTAS \u2013 SUDAM\u00c9RICA<\/small><\/p>\n<div class=\"text-image\">\n<p>Elisa se graduo en Gestion e Historia del Arte en la Universidad del Salvador en Buenos Aires, Argentina.  Con una amplia experiencia en Marketing &#038; Ventas comenz\u00f3 trabajando en la agencia Mass PR , luego en Nespresso y Four Seasons Hotel Buenos Aires, donde tuvo la oportunidad de desarrollar muchas aptitudes y generar v\u00ednculos s\u00f3lidos con sus clientes y huespedes., sumergiendose especialmente en el universo gastronomico y de eventos.  Proactiva &#038; siempre curiosa por obtener mas conocimientos, Elisa esta lista para un nuevo desafio en un ambiente joven y espont\u00e1neo.<\/p>\n<\/p><\/div><\/div>\n<div class=\"col-md-4\">\n<div class=\"img-team w-100\" style=\"background: #fff url(\/wp-content\/uploads\/\/2020\/01\/Elisa-Alonso.jpg) center 20% \/ cover no-repeat\"><\/div><\/div>\n<hr>\n<div class=\"col-md-4\">\n<div class=\"img-team w-100\" style=\"background: #fff url(\/wp-content\/uploads\/\/2020\/01\/Jane-Maine.jpg) center 50% \/ cover no-repeat\"><\/div><\/div>\n<div class=\"col-md-7\">\n<h2>JANE MAINE DE BIRAN<\/h2>\n<p><small>VENDAS \u2013 AM\u00c9RICA DO NORTE<\/small><\/p>\n<div class=\"text-image\">\n<p>A carreira de Jane Maine de Biran j\u00e1 soma 25 anos e passagem por dois continentes, j\u00e1 que durante esse per\u00edodo ela atuou como gerente e propriet\u00e1ria de neg\u00f3cios na \u00e1rea do turismo na Fran\u00e7a e nos Estados Unidos. H\u00e1 20 anos ela \u00e9 refer\u00eancia e presta consultoria para os melhores hot\u00e9is e resorts do mundo, como Auberge Resort, KSL Resorts, The Carneros Inn, Miraval Spa e uma s\u00e9rie de propriedades independentes bem conhecidas do mercado.<\/p>\n<\/p><\/div><\/div>\n<hr>\n<div class=\"col-md-7\">\n<h2>MONIKA WEINSOFT<\/h2>\n<p><small>VENDAS \u2013 AM\u00c9RICA DO NORTE \u2013 AQUA EXPEDITION<\/small><\/p>\n<div class=\"text-image\">\n<p>Monika Weinsoft come\u00e7ou a carreira no turismo em 2003. Reconhecida como uma dos \u201c30 melhores consultores de viagens com menos de 30 anos\u201d pela Travel Agent Magazine, em 2008 ela integrou o time do Turismo da Austr\u00e1lia e focou sua aten\u00e7\u00e3o no Pac\u00edfico Sul. Depois de se mudar para Los Angeles, nos Estados Unidos, Monika se juntou ao Travoca e em 2015, entrou para a \u00e1rea de vendas externa e come\u00e7ou a representar o International Expeditions, Quark Expedi\u00e7\u00f5es e Zegrahm Expeditions.<\/p>\n<\/p><\/div><\/div>\n<div class=\"col-md-4\">\n<div class=\"img-team w-100\" style=\"background: #fff url(\/wp-content\/uploads\/\/2020\/01\/Monika-Weinsoft.jpg) center 50% \/ cover no-repeat\"><\/div><\/div>\n<hr>\n<div class=\"col-md-4\">\n<div class=\"img-team w-100\" style=\"background: #fff url(\/wp-content\/uploads\/\/2020\/01\/Fernanda-Settani.jpg) center 50% \/ cover no-repeat\"><\/div><\/div>\n<div class=\"col-md-7\">\n<h2>FERNANDA SETTANI<\/h2>\n<p><small>DIRECTORA GLOBAL DE RELACIONES P\u00daBLICAS<\/small><\/p>\n<div class=\"text-image\">\n<p>Con un posgrado en Periodismo de C\u00e1sper Libero y una licenciatura en Comunicaci\u00f3n de ESPM en San Pablo, Fernanda trae 12 a\u00f1os de experiencia en el \u00e1rea de medios. Luego de completar sus estudios, Fernanda se uni\u00f3 a Wish Report, una de las publicaciones de lujo y lifestyle m\u00e1s renombradas de Brasil, como editora de proyectos especiales. Cuando la revista Forbes entr\u00f3 al mercado brasile\u00f1o, Fernanda fue invitada a unirse como Lifestyle Editor.<\/p>\n<\/p><\/div><\/div>\n<hr>\n<div class=\"col-md-7\">\n<h2>PATR\u00cdCIA RUZENE<\/h2>\n<p><small>RELACIONES P\u00daBLICAS<\/small><\/p>\n<div class=\"text-image\">\n<p>Graduada en Periodismo Multimedia en FACAMP y especializada en Relaciones Internacionales e Historia del Arte, Patricia empez\u00f3 su carrera en 2010. Desde el comienzo ella se ha unido a prestigiosas publicaciones como GQ y Glamour Brasil escribiendo art\u00edculos sobre lifestyle, gastronom\u00eda y moda, desarrollando su habilidad en comunicaci\u00f3n.<\/p>\n<\/p><\/div><\/div>\n<div class=\"col-md-4\">\n<div class=\"img-team w-100\" style=\"background: #fff url(\/wp-content\/uploads\/\/2020\/01\/Patricia-Ruzene.jpg) top center \/ cover no-repeat\"><\/div><\/div>\n<hr>\n<div class=\"col-md-4\">\n<div class=\"img-team w-100\" style=\"background: #fff url(\/wp-content\/uploads\/\/2020\/01\/julia_mendes.jpg) top center \/ cover no-repeat\"><\/div><\/div>\n<div class=\"col-md-7\">\n<h2>JULIA MENDES<\/h2>\n<p><small>RELACIONES P\u00daBLICAS<\/small><\/p>\n<div class=\"text-image\">\n<p>Graduada em Jornalismo pela Pontif\u00edcia Universidade Cat\u00f3lica de Campinas (PUC- Campinas), Julia iniciou sua carreira em 2016 como redatora na Portal Publicidade e, em 2017, ingressou no mercado corporativo, na \u00e1rea de comunica\u00e7\u00e3o da CPFL Energia. <\/p>\n<p> Como profissional de comunica\u00e7\u00e3o, desenvolveu experi\u00eancia em endomarketing, assessoria de imprensa, eventos e cria\u00e7\u00e3o de conte\u00fado para m\u00eddias online e offline. Acredita na comunica\u00e7\u00e3o como poder de transforma\u00e7\u00e3o por meio da conex\u00e3o e valoriza\u00e7\u00e3o de hist\u00f3rias.<\/p>\n<\/p><\/div><\/div>\n<div class=\"col-12 box-gray mt-5\">\n<h2 class=\"font-thin\" style=\"text-align: center;\">TL PORTFOLIO EN LOS MEDIOS<\/h2>\n<p><\/p>","protected":false},"excerpt":{"rendered":"<p>A EQUIPE TINA LYRA FUNDADORA Una din\u00e1mica emprendedora con m\u00e1s de 15 a\u00f1os de experiencia en el turismo de lujo &#8230;<\/p>\n","protected":false},"author":1,"featured_media":0,"parent":0,"menu_order":0,"comment_status":"closed","ping_status":"closed","template":"","meta":{"_acf_changed":false,"footnotes":""},"class_list":["post-31","page","type-page","status-publish","hentry"],"acf":[],"_links":{"self":[{"href":"https:\/\/wp.tlportfolio.com\/es\/wp-json\/wp\/v2\/pages\/31","targetHints":{"allow":["GET"]}}],"collection":[{"href":"https:\/\/wp.tlportfolio.com\/es\/wp-json\/wp\/v2\/pages"}],"about":[{"href":"https:\/\/wp.tlportfolio.com\/es\/wp-json\/wp\/v2\/types\/page"}],"author":[{"embeddable":true,"href":"https:\/\/wp.tlportfolio.com\/es\/wp-json\/wp\/v2\/users\/1"}],"replies":[{"embeddable":true,"href":"https:\/\/wp.tlportfolio.com\/es\/wp-json\/wp\/v2\/comments?post=31"}],"version-history":[{"count":15,"href":"https:\/\/wp.tlportfolio.com\/es\/wp-json\/wp\/v2\/pages\/31\/revisions"}],"predecessor-version":[{"id":5118,"href":"https:\/\/wp.tlportfolio.com\/es\/wp-json\/wp\/v2\/pages\/31\/revisions\/5118"}],"wp:attachment":[{"href":"https:\/\/wp.tlportfolio.com\/es\/wp-json\/wp\/v2\/media?parent=31"}],"curies":[{"name":"wp","href":"https:\/\/api.w.org\/{rel}","templated":true}]}}