{"id":20,"date":"2019-11-12T11:41:46","date_gmt":"2019-11-12T14:41:46","guid":{"rendered":"http:\/\/wp.tlportfolio.com\/?page_id=20"},"modified":"2022-07-28T15:56:34","modified_gmt":"2022-07-28T15:56:34","slug":"contact-us","status":"publish","type":"page","link":"https:\/\/wp.tlportfolio.com\/es\/contact-us\/","title":{"rendered":"Contato"},"content":{"rendered":"<p><main class=\"contact\"><\/p>\n<div class=\"container\">\n<div class=\"top row\">\n<div class=\"col-12\">\n<div class=\"form-contato float-left theme-title\">\n<h1 class=\"title-contact\">CONTATO<\/h1>\n<p class=\"description-contact\">Queremos saber de voc\u00ea. Caso tenha algum coment\u00e1rio, sugest\u00e3o ou deseja receber nossas newsletters, por favor preencha o formul\u00e1rio abaixo.<\/p>\n\n<div class=\"wpcf7 no-js\" id=\"wpcf7-f1946-o3\" lang=\"en-US\" dir=\"ltr\" data-wpcf7-id=\"1946\">\n<div class=\"screen-reader-response\"><p role=\"status\" aria-live=\"polite\" aria-atomic=\"true\"><\/p> <ul><\/ul><\/div>\n<form action=\"\/es\/wp-json\/wp\/v2\/pages\/20#wpcf7-f1946-o3\" method=\"post\" class=\"wpcf7-form init\" aria-label=\"Contact form\" novalidate=\"novalidate\" data-status=\"init\">\n<div style=\"display: none;\">\n<input type=\"hidden\" name=\"_wpcf7\" value=\"1946\" \/>\n<input type=\"hidden\" name=\"_wpcf7_version\" value=\"6.0.4\" \/>\n<input type=\"hidden\" name=\"_wpcf7_locale\" value=\"en_US\" \/>\n<input type=\"hidden\" name=\"_wpcf7_unit_tag\" value=\"wpcf7-f1946-o3\" \/>\n<input type=\"hidden\" name=\"_wpcf7_container_post\" value=\"0\" \/>\n<input type=\"hidden\" name=\"_wpcf7_posted_data_hash\" value=\"\" \/>\n<\/div>\n<p><label> Nome *<br \/>\n<span class=\"wpcf7-form-control-wrap\" data-name=\"your-name\"><input size=\"40\" maxlength=\"400\" class=\"wpcf7-form-control wpcf7-text wpcf7-validates-as-required input-text\" aria-required=\"true\" aria-invalid=\"false\" value=\"\" type=\"text\" name=\"your-name\" \/><\/span> <\/label>\n<\/p>\n<p><label> Email *<br \/>\n<span class=\"wpcf7-form-control-wrap\" data-name=\"your-email\"><input size=\"40\" maxlength=\"400\" class=\"wpcf7-form-control wpcf7-email wpcf7-validates-as-required wpcf7-text wpcf7-validates-as-email input-text\" aria-required=\"true\" aria-invalid=\"false\" value=\"\" type=\"email\" name=\"your-email\" \/><\/span> <\/label>\n<\/p>\n<p><label> Assunto<br \/>\n<span class=\"wpcf7-form-control-wrap\" data-name=\"your-subject\"><input size=\"40\" maxlength=\"400\" class=\"wpcf7-form-control wpcf7-text input-text\" aria-invalid=\"false\" value=\"\" type=\"text\" name=\"your-subject\" \/><\/span> <\/label>\n<\/p>\n<p><label> Mensagem<br \/>\n<span class=\"wpcf7-form-control-wrap\" data-name=\"your-message\"><textarea cols=\"40\" rows=\"4\" maxlength=\"2000\" class=\"wpcf7-form-control wpcf7-textarea your-message\" aria-invalid=\"false\" name=\"your-message\"><\/textarea><\/span> <\/label><br \/>\n<input class=\"wpcf7-form-control wpcf7-submit has-spinner button-send\" type=\"submit\" value=\"Enviar\" \/>\n<\/p><div class=\"wpcf7-response-output\" aria-hidden=\"true\"><\/div>\n<\/form>\n<\/div>\n<\/div>\n<div class=\"infos-contato float-right\">\n<div class=\"info\">\n<p class=\"text-info-title\">ESCRIT\u00d3RIOS<\/p>\n<p class=\"text-info-contries\">BRASIL<\/p>\n<p class=\"text-info-contries\">AM\u00c9RICA DO NORTE<\/p>\n<p class=\"text-info-contries\">MEXICO<\/p>\n<p class=\"text-info-contries\">AM\u00c9RICA DO SUL<\/p>\n<p class=\"text-info-title\">CONTATO<\/p>\n<p class=\"text-info-contact\"><i class=\"fa fa-envelope\"><\/i> info@tlportfolio.com<\/p>\n<p class=\"text-info-contact\"><i class=\"fa fa-phone\"><\/i> +55 11 5687 7203<\/p>\n<p class=\"text-info-title\">SOCIAL NETWORKS<\/p>\n<p class=\"icons\">\n                     <a href=\"http:\/\/www.facebook.com\/TLPortfolio\" target=\"_blank\" rel=\"noopener noreferrer\"><i class=\"fa fa-facebook\"><\/i><\/a><br \/>\n                     <a href=\"https:\/\/www.instagram.com\/tlportfolio\/\" target=\"_blank\" rel=\"noopener noreferrer\"><i class=\"fa fa-instagram\"><\/i><\/a><br \/>\n                     <a href=\"https:\/\/www.youtube.com\/channel\/UCifrgkosEs0w8h-AgyLFGKQ\/\" target=\"_blank\" rel=\"noopener noreferrer\"><i class=\"fa fa-youtube\"><\/i><\/a><br \/>\n                     <a href=\"https:\/\/twitter.com\/tinalyra\" target=\"_blank\" rel=\"noopener noreferrer\"><i class=\"fa fa-twitter\"><\/i><\/a><br \/>\n                     <a href=\"http:\/\/www.linkedin.com\/company\/tl-portfolio\" target=\"_blank\" rel=\"noopener noreferrer\"><i class=\"fa fa-linkedin\"><\/i><\/a>\n                  <\/p>\n<\/p><\/div><\/div><\/div><\/div><\/div>\n<p><\/main><\/p>","protected":false},"excerpt":{"rendered":"<p>CONTATO Queremos saber de voc\u00ea. Caso tenha algum coment\u00e1rio, sugest\u00e3o ou deseja receber nossas newsletters, por favor preencha o formul\u00e1rio &#8230;<\/p>\n","protected":false},"author":1,"featured_media":0,"parent":0,"menu_order":0,"comment_status":"closed","ping_status":"closed","template":"","meta":{"_acf_changed":false,"footnotes":""},"class_list":["post-20","page","type-page","status-publish","hentry"],"acf":[],"_links":{"self":[{"href":"https:\/\/wp.tlportfolio.com\/es\/wp-json\/wp\/v2\/pages\/20","targetHints":{"allow":["GET"]}}],"collection":[{"href":"https:\/\/wp.tlportfolio.com\/es\/wp-json\/wp\/v2\/pages"}],"about":[{"href":"https:\/\/wp.tlportfolio.com\/es\/wp-json\/wp\/v2\/types\/page"}],"author":[{"embeddable":true,"href":"https:\/\/wp.tlportfolio.com\/es\/wp-json\/wp\/v2\/users\/1"}],"replies":[{"embeddable":true,"href":"https:\/\/wp.tlportfolio.com\/es\/wp-json\/wp\/v2\/comments?post=20"}],"version-history":[{"count":6,"href":"https:\/\/wp.tlportfolio.com\/es\/wp-json\/wp\/v2\/pages\/20\/revisions"}],"predecessor-version":[{"id":3655,"href":"https:\/\/wp.tlportfolio.com\/es\/wp-json\/wp\/v2\/pages\/20\/revisions\/3655"}],"wp:attachment":[{"href":"https:\/\/wp.tlportfolio.com\/es\/wp-json\/wp\/v2\/media?parent=20"}],"curies":[{"name":"wp","href":"https:\/\/api.w.org\/{rel}","templated":true}]}}